{"id":379,"date":"2025-08-06T14:38:22","date_gmt":"2025-08-06T12:38:22","guid":{"rendered":"https:\/\/qr.nationalpark.ch\/glista-da-plantas\/"},"modified":"2026-03-17T09:59:14","modified_gmt":"2026-03-17T08:59:14","slug":"glista","status":"publish","type":"page","link":"https:\/\/qr.nationalpark.ch\/rm\/glista\/","title":{"rendered":"Glista da plantas:"},"content":{"rendered":"\n<a class=\"standort__button gb-text-b1b68d17\" data-aos=\"fade-up\"><span class=\"gb-shape\"><svg xmlns=\"http:\/\/www.w3.org\/2000\/svg\" width=\"12\" height=\"16\" viewBox=\"0 0 12 16\" fill=\"none\">\n<path d=\"M11.7338 5.60503C11.7338 2.50797 9.22324 -0.00259399 6.12618 -0.00259399C3.02912 -0.00259399 0.518555 2.50797 0.518555 5.60503C0.518555 6.52341 0.739276 7.39009 1.13063 8.15511C1.18433 8.25998 1.24139 8.36284 1.30139 8.46383C1.36608 8.57271 1.43425 8.67932 1.50604 8.78326L3.61494 12.0763L6.12618 15.9974L8.63742 12.0763L10.7463 8.78326L11.1217 8.15511C11.5131 7.39009 11.7338 6.52328 11.7338 5.60503ZM6.12618 8.46383C4.57685 8.46383 3.32083 7.20781 3.32083 5.65847C3.32083 4.10914 4.57685 2.85312 6.12618 2.85312C7.67552 2.85312 8.93154 4.10914 8.93154 5.65847C8.93154 7.20781 7.67552 8.46383 6.12618 8.46383Z\" fill=\"white\"><\/path>\n<\/svg><\/span><span class=\"gb-text\">contuorns center dal Parc<\/span><\/a>\n\n\n\n<h1 class=\"gb-text gb-text-5dca1177\" data-aos=\"fade-up\"><strong>Glista da plantas:<\/strong><\/h1>\n\n\n\n<p class=\"gb-text\" data-aos=\"fade-up\">Ils l\u00f6s ingio chi creschan sun visibels i&#8217;l plan da plantaziun.<\/p>\n\n\n\n<div data-aos=\"fade-up\">\n<div class=\"wp-block-buttons is-layout-flex wp-block-buttons-is-layout-flex\">\n<div class=\"wp-block-button\"><a class=\"wp-block-button__link wp-element-button\" href=\"https:\/\/qr.nationalpark.ch\/wp-content\/uploads\/2025\/07\/Situationsplan.pdf\" target=\"_blank\" rel=\"noreferrer noopener\">plan da plantaziun<\/a><\/div>\n<\/div>\n<\/div>\n\n\n\n<div class=\"add__border\" data-aos=\"fade-up\">\n<p><strong>Rosen<\/strong>\/r\u00f6sas<\/p>\n\n\n\n<ol class=\"wp-block-list\">\n<li>Alpenhagrose (Rosa pendulina)<\/li>\n\n\n\n<li>Apfelrose (Rosa villosa)<\/li>\n\n\n\n<li>Bereifte Rose (Rosa glauca)<\/li>\n\n\n\n<li>Bergrose (Rosa montana)<\/li>\n\n\n\n<li>Buschrose (Rosa corymbifera)<\/li>\n\n\n\n<li>Duftrose (Rosa elliptica)<\/li>\n\n\n\n<li>Feldrose (Rosa arvensis<\/li>\n\n\n\n<li>Hundsrose (Rosa canina)<\/li>\n\n\n\n<li>Kleinblu\u0308tige Rose (Rosa micrantha)<\/li>\n\n\n\n<li>Kratzrose (Rosa subcollina)<\/li>\n\n\n\n<li>Langstielige Vogesenrose (Rosa subcanina)<\/li>\n\n\n\n<li>Reichstachlige Rose (Rosa spinosissima)<\/li>\n\n\n\n<li>Rh\u00e4tische Rose (Rosa rhaetica)<\/li>\n\n\n\n<li>Stumpfbl\u00e4ttrige Rose (Rosa tomentella}<\/li>\n\n\n\n<li>Stupfbl\u00e4ttrige Rose (Rosa tementella)<\/li>\n\n\n\n<li>Tannenrose (Rosa abietina)<\/li>\n\n\n\n<li>Vogesenrose (Rosa dumalis)<\/li>\n\n\n\n<li>Weinrose (Rosa rubiginosa)<\/li>\n\n\n\n<li>Zimtrose (Rosa majalis)<\/li>\n<\/ol>\n\n\n\n<p><strong>Weiden<\/strong>\/salschs<\/p>\n\n\n\n<ol class=\"wp-block-list\">\n<li>Blaugru\u0308ne Weide (Salix caesia)<\/li>\n\n\n\n<li>Engadiner Reifweide (Salix daphnoides ssp. Engadin)<\/li>\n\n\n\n<li>Grossbl\u00e4ttrige Weide (Salix appendiculata)<\/li>\n\n\n\n<li>Lavendelweide (Salix elaeagnos)<\/li>\n\n\n\n<li>Lorbeerweide (Salix pentandra)<\/li>\n\n\n\n<li>Purpurweide (Salix purpurea)<\/li>\n\n\n\n<li>Salweide (Salix caprea)<\/li>\n\n\n\n<li>Schwarzweide (Salix myrsinifolia)<\/li>\n\n\n\n<li>Seidenhaarige Weide(Salix glaucosericea)<\/li>\n\n\n\n<li>Silberweide (Salix breviserrata)<\/li>\n\n\n\n<li>Spiessweide (Salix hastata)<\/li>\n\n\n\n<li>Stink-Weide (Salix foetida)<\/li>\n<\/ol>\n\n\n\n<p><strong>\u00dcbrige Str\u00e4ucher und B\u00e4ume<\/strong>\/otera bos-cha e frus-chaglia<\/p>\n\n\n\n<ol class=\"wp-block-list\">\n<li>Alpen-Geissblatt, bavrouler alpin (Lonicera alpigena)<\/li>\n\n\n\n<li>Alpenjohannisbeere, uzua alpina (Ribes alpinum)<\/li>\n\n\n\n<li>Arve, dschember (Pinus cembra)<\/li>\n\n\n\n<li>Bergahorn, ascher da muntogna (Acer pseudoplatanus)<\/li>\n\n\n\n<li>Bergf\u00f6hre aufrechte, agnieu (Pinus mugo ssp (uncinata)<\/li>\n\n\n\n<li>Bergf\u00f6hre\/Legf\u00f6hre, zuonder (Pinus mugo ssp)<\/li>\n\n\n\n<li>Birke, baduogn (Betula pendula)<\/li>\n\n\n\n<li>Blaues Geissblatt, bavrouler blau (Lonicera caerulea)<\/li>\n\n\n\n<li>Bergf\u00f6hre (Pinus mugo ssp)<\/li>\n\n\n\n<li>Birke, baduogn (Betula pendula)<\/li>\n\n\n\n<li>Blaues Geissblatt, bavrouler blau (Lonicera caerulea)<\/li>\n\n\n\n<li>Felsen-Traubenkirsche, alosser da grip (Prunus padus ssp. petraea)<\/li>\n\n\n\n<li>Felsenbirne, seischda (Amelanchier ovalis)<\/li>\n\n\n\n<li>Felsenkirsche, tschierescher chanin (Prunus mahaleb)<\/li>\n\n\n\n<li>Gemeiner Schneeball, lantern cum\u00fcn (Viburnum opulus)<\/li>\n\n\n\n<li>Kreuzdorn, t\u00f6ssi nair\/spina d&#8217;tschierv (Rhamnus cathartica)<\/li>\n\n\n\n<li>L\u00e4rche, larsch (Larix decidua)<\/li>\n\n\n\n<li>Mehlbeere, sura\/fl\u00f6tna (Sorbus aria)<\/li>\n\n\n\n<li>Roter Holunder, sav\u00fcer cotschen (Sambucus racemosa)<\/li>\n\n\n\n<li>Rotes Geissblatt, bavrouler cotschen (Lonicera xylosteum)<\/li>\n\n\n\n<li>Schwarzdorn, parmuoglier (Prunus spinosa)<\/li>\n\n\n\n<li>Schwarzes Geissblatt, bavrouler nair (Lonicera nigra)<\/li>\n\n\n\n<li>Vogelbeere, culaischem (Sorbus aucuparia)<\/li>\n\n\n\n<li>Vogelkirsche, tschierescher (Prunus avium)<\/li>\n\n\n\n<li>Wolliger Schneeball, lantern plus (Viburnum lantana)<\/li>\n\n\n\n<li>Zwerg-Mehlbeere, sura\/fl\u00f6tna nanina (Sorbus chamaemespilus)<\/li>\n<\/ol>\n<\/div>\n\n\n\n<div class=\"go__homepage\" data-aos=\"fade-up\">\n<a class=\"gb-text-c7b513e2\" href=\"https:\/\/qr.nationalpark.ch\/rm\/bez\/\"><span class=\"gb-text\">Zur Startseite<\/span><span class=\"gb-shape\"><svg xmlns=\"http:\/\/www.w3.org\/2000\/svg\" width=\"25\" height=\"25\" viewbox=\"0 0 25 25\" fill=\"none\">\n<circle cx=\"12.5186\" cy=\"12.6996\" r=\"11.5\" stroke=\"white\"><\/circle>\n<path d=\"M14.0186 17.9496L18.5186 12.6996L14.0186 7.44959\" stroke=\"white\"><\/path>\n<path d=\"M18.5186 12.6996H6.51855\" stroke=\"white\" stroke-width=\"0.8\"><\/path>\n<\/svg><\/span><\/a>\n<\/div>\n","protected":false},"excerpt":{"rendered":"<p>contuorns center dal Parc Glista da plantas: Ils l\u00f6s ingio chi creschan sun visibels i&#8217;l plan da plantaziun. Rosen\/r\u00f6sas Weiden\/salschs \u00dcbrige Str\u00e4ucher und B\u00e4ume\/otera bos-cha e frus-chaglia Zur Startseite<\/p>\n","protected":false},"author":1,"featured_media":0,"parent":0,"menu_order":0,"comment_status":"closed","ping_status":"closed","template":"","meta":{"_acf_changed":false,"inline_featured_image":false,"footnotes":""},"class_list":["post-379","page","type-page","status-publish"],"acf":[],"_links":{"self":[{"href":"https:\/\/qr.nationalpark.ch\/rm\/wp-json\/wp\/v2\/pages\/379","targetHints":{"allow":["GET"]}}],"collection":[{"href":"https:\/\/qr.nationalpark.ch\/rm\/wp-json\/wp\/v2\/pages"}],"about":[{"href":"https:\/\/qr.nationalpark.ch\/rm\/wp-json\/wp\/v2\/types\/page"}],"author":[{"embeddable":true,"href":"https:\/\/qr.nationalpark.ch\/rm\/wp-json\/wp\/v2\/users\/1"}],"replies":[{"embeddable":true,"href":"https:\/\/qr.nationalpark.ch\/rm\/wp-json\/wp\/v2\/comments?post=379"}],"version-history":[{"count":7,"href":"https:\/\/qr.nationalpark.ch\/rm\/wp-json\/wp\/v2\/pages\/379\/revisions"}],"predecessor-version":[{"id":1754,"href":"https:\/\/qr.nationalpark.ch\/rm\/wp-json\/wp\/v2\/pages\/379\/revisions\/1754"}],"wp:attachment":[{"href":"https:\/\/qr.nationalpark.ch\/rm\/wp-json\/wp\/v2\/media?parent=379"}],"curies":[{"name":"wp","href":"https:\/\/api.w.org\/{rel}","templated":true}]}}